{"id":107,"date":"2025-04-22T15:49:22","date_gmt":"2025-04-22T13:49:22","guid":{"rendered":"https:\/\/www.gameon-consulting.fr\/?page_id=107"},"modified":"2026-02-26T11:29:10","modified_gmt":"2026-02-26T10:29:10","slug":"a-propos","status":"publish","type":"page","link":"https:\/\/www.gameon-consulting.fr\/index.php\/a-propos\/","title":{"rendered":"\u00c0 propos"},"content":{"rendered":"\n<div data-aos= \"zoom-in\" data-aos-duration=\"400\" data-aos-delay=\"0\" data-aos-easing=\"ease\" data-aos-once=\"true\" class=\"wp-block-uagb-container uagb-layout-flex uagb-block-coytrhuk alignfull uagb-is-root-container\"><div class=\"uagb-container-inner-blocks-wrap\">\n<h2 class=\"wp-block-heading has-text-align-center has-white-color has-text-color has-link-color wp-elements-2c0bd7aa206d61b6565a164646c8bd94\">\u00c0 propos<\/h2>\n<\/div><\/div>\n\n\n\n<div style=\"height:100px\" aria-hidden=\"true\" class=\"wp-block-spacer\"><\/div>\n\n\n\n<div class=\"wp-block-uagb-container uagb-block-6ebfc376 alignfull uagb-is-root-container\"><div class=\"uagb-container-inner-blocks-wrap\">\n<div class=\"wp-block-uagb-container uagb-block-04a3ffbb\">\n<div data-aos= \"zoom-in\" data-aos-duration=\"400\" data-aos-delay=\"0\" data-aos-easing=\"ease\" data-aos-once=\"true\" class=\"wp-block-uagb-info-box uagb-block-ab786561 uagb-infobox__content-wrap  uagb-infobox-icon-above-title uagb-infobox-image-valign-top\"><div class=\"uagb-ifb-content\"><div class=\"uagb-ifb-image-content\"><img decoding=\"async\" src=\"https:\/\/www.gameon-consulting.fr\/wp-content\/uploads\/2026\/02\/Design-sans-titre-1-150x150.png\" alt=\"\" width=\"\" height=\"0\" loading=\"lazy\"\/><\/div><div class=\"uagb-ifb-title-wrap\"><h3 class=\"uagb-ifb-title\">Bruno Roy<\/h3><\/div><\/div><\/div>\n<\/div>\n\n\n\n<div data-aos= \"zoom-in\" data-aos-duration=\"400\" data-aos-delay=\"0\" data-aos-easing=\"ease\" data-aos-once=\"true\" class=\"wp-block-uagb-container uagb-block-bed552a7\">\n<h2 class=\"wp-block-heading\">Qui suis-je ?<\/h2>\n\n\n\n<p>Apr\u00e8s 20+ ans d\u2019exp\u00e9rience en entreprise (start-up, PME, ETI, grands groupes), j\u2019ai constat\u00e9 une chose : beaucoup d\u2019entreprises savent ce qu\u2019elles veulent\u2026 mais n&rsquo;ont pas forc\u00e9ment de m\u00e9thode claire pour y arriver. <\/p>\n\n\n\n<p><strong>Ma mission :<\/strong><br>Vous aider \u00e0 structurer un syst\u00e8me de croissance r\u00e9aliste, mesurable et adapt\u00e9 \u00e0 vos ressources.<\/p>\n<\/div>\n<\/div><\/div>\n\n\n\n<div class=\"wp-block-uagb-container uagb-block-k807gdhi alignfull uagb-is-root-container\"><div class=\"uagb-container-inner-blocks-wrap\">\n<div class=\"wp-block-uagb-container uagb-block-j49hhrec\">\n<div data-aos= \"zoom-in\" data-aos-duration=\"400\" data-aos-delay=\"0\" data-aos-easing=\"ease\" data-aos-once=\"true\" class=\"wp-block-uagb-container uagb-block-vfzroe7m\">\n<div class=\"wp-block-uagb-info-box uagb-block-illeqz5e uagb-infobox__content-wrap  uagb-infobox-icon-above-title uagb-infobox-image-valign-top\"><div class=\"uagb-ifb-content\"><div class=\"uagb-ifb-icon-wrap\"><svg xmlns=\"https:\/\/www.w3.org\/2000\/svg\" viewBox=\"0 0 448 512\"><path d=\"M297.4 9.372C309.9-3.124 330.1-3.124 342.6 9.372L438.6 105.4C451.1 117.9 451.1 138.1 438.6 150.6L342.6 246.6C330.1 259.1 309.9 259.1 297.4 246.6C284.9 234.1 284.9 213.9 297.4 201.4L338.7 160H128C92.65 160 64 188.7 64 224V256C64 273.7 49.67 288 32 288C14.33 288 0 273.7 0 256V224C0 153.3 57.31 96 128 96H338.7L297.4 54.63C284.9 42.13 284.9 21.87 297.4 9.373V9.372zM201.4 265.4C213.9 252.9 234.1 252.9 246.6 265.4L342.6 361.4C355.1 373.9 355.1 394.1 342.6 406.6L246.6 502.6C234.1 515.1 213.9 515.1 201.4 502.6C188.9 490.1 188.9 469.9 201.4 457.4L242.7 416H96C78.33 416 64 430.3 64 448V480C64 497.7 49.67 512 32 512C14.33 512 0 497.7 0 480V448C0 394.1 42.98 352 96 352H242.7L201.4 310.6C188.9 298.1 188.9 277.9 201.4 265.4V265.4z\"><\/path><\/svg><\/div><div class=\"uagb-ifb-title-wrap\"><h3 class=\"uagb-ifb-title\">Ma philosophie<\/h3><\/div><p class=\"uagb-ifb-desc\">Je ne vends pas des promesses. Je con\u00e7ois des syst\u00e8mes. Une strat\u00e9gie n\u2019est pas un slogan, une solution n\u2019est pas un outil, un plan n\u2019est pas un document Google Doc. Ce sont des processus vivants int\u00e9gr\u00e9s \u00e0 votre organisation.<\/p><\/div><\/div>\n<\/div>\n\n\n\n<div data-aos= \"zoom-in\" data-aos-duration=\"400\" data-aos-delay=\"0\" data-aos-easing=\"ease\" data-aos-once=\"true\" class=\"wp-block-uagb-container uagb-block-bupdq76e\">\n<div class=\"wp-block-uagb-info-box uagb-block-kztwwi9k uagb-infobox__content-wrap  uagb-infobox-icon-above-title uagb-infobox-image-valign-top\"><div class=\"uagb-ifb-content\"><div class=\"uagb-ifb-icon-wrap\"><svg xmlns=\"https:\/\/www.w3.org\/2000\/svg\" viewBox=\"0 0 512 512\"><path d=\"M489.1 363.3l-24.03 41.59c-6.635 11.48-21.33 15.41-32.82 8.78l-129.1-74.56V488c0 13.25-10.75 24-24.02 24H231.1c-13.27 0-24.02-10.75-24.02-24v-148.9L78.87 413.7c-11.49 6.629-26.19 2.698-32.82-8.78l-24.03-41.59c-6.635-11.48-2.718-26.14 8.774-32.77L159.9 256L30.8 181.5C19.3 174.8 15.39 160.2 22.02 148.7l24.03-41.59c6.635-11.48 21.33-15.41 32.82-8.781l129.1 74.56L207.1 24c0-13.25 10.75-24 24.02-24h48.04c13.27 0 24.02 10.75 24.02 24l.0005 148.9l129.1-74.56c11.49-6.629 26.19-2.698 32.82 8.78l24.02 41.59c6.637 11.48 2.718 26.14-8.774 32.77L352.1 256l129.1 74.53C492.7 337.2 496.6 351.8 489.1 363.3z\"><\/path><\/svg><\/div><div class=\"uagb-ifb-title-wrap\"><h3 class=\"uagb-ifb-title\">Ce que je valorise<\/h3><\/div><p class=\"uagb-ifb-desc\">Je valorise : <br>&#8211; le pragmatisme,<br>&#8211; les d\u00e9cisions bas\u00e9es sur les donn\u00e9es,<br>&#8211; les priorit\u00e9s claires et coh\u00e9rentes avec l&rsquo;op\u00e9rationnel,<br>&#8211; un leadership structur\u00e9 autour des r\u00e9sultats.<\/p><\/div><\/div>\n<\/div>\n\n\n\n<div data-aos= \"zoom-in\" data-aos-duration=\"400\" data-aos-delay=\"0\" data-aos-easing=\"ease\" data-aos-once=\"true\" class=\"wp-block-uagb-container uagb-block-ht0ili1y\">\n<div class=\"wp-block-uagb-info-box uagb-block-5zykrflh uagb-infobox__content-wrap  uagb-infobox-icon-above-title uagb-infobox-image-valign-top\"><div class=\"uagb-ifb-content\"><div class=\"uagb-ifb-icon-wrap\"><svg xmlns=\"https:\/\/www.w3.org\/2000\/svg\" viewBox=\"0 0 576 512\"><path d=\"M279.6 160.4C282.4 160.1 285.2 160 288 160C341 160 384 202.1 384 256C384 309 341 352 288 352C234.1 352 192 309 192 256C192 253.2 192.1 250.4 192.4 247.6C201.7 252.1 212.5 256 224 256C259.3 256 288 227.3 288 192C288 180.5 284.1 169.7 279.6 160.4zM480.6 112.6C527.4 156 558.7 207.1 573.5 243.7C576.8 251.6 576.8 260.4 573.5 268.3C558.7 304 527.4 355.1 480.6 399.4C433.5 443.2 368.8 480 288 480C207.2 480 142.5 443.2 95.42 399.4C48.62 355.1 17.34 304 2.461 268.3C-.8205 260.4-.8205 251.6 2.461 243.7C17.34 207.1 48.62 156 95.42 112.6C142.5 68.84 207.2 32 288 32C368.8 32 433.5 68.84 480.6 112.6V112.6zM288 112C208.5 112 144 176.5 144 256C144 335.5 208.5 400 288 400C367.5 400 432 335.5 432 256C432 176.5 367.5 112 288 112z\"><\/path><\/svg><\/div><div class=\"uagb-ifb-title-wrap\"><h3 class=\"uagb-ifb-title\">Vision<\/h3><\/div><p class=\"uagb-ifb-desc\">Je crois que chaque PME a le potentiel d\u2019\u00eatre strat\u00e9gique avant d\u2019\u00eatre agile \u2014<br>et qu\u2019une vraie strat\u00e9gie ne co\u00fbte pas : elle rapporte des <strong>d\u00e9cisions plus claires et des actions plus efficaces.<\/strong><\/p><\/div><\/div>\n<\/div>\n<\/div>\n<\/div><\/div>\n\n\n\n<div data-aos= \"zoom-in\" data-aos-duration=\"400\" data-aos-delay=\"0\" data-aos-easing=\"ease\" data-aos-once=\"true\" class=\"wp-block-uagb-container uagb-block-6cb1e689 alignwide uagb-is-root-container\">\n<p>J&rsquo;accompagne donc les entreprises dans leurs enjeux de croissance et d&rsquo;innovation. Je suis particuli\u00e8rement int\u00e9ress\u00e9 par les projets innovants m\u00ealant strat\u00e9gie business et technologies \u00e9mergentes.<\/p>\n\n\n\n<p>Mon parcours hybride, alliant expertise commerciale et vision strat\u00e9gique, m&rsquo;a permis de d\u00e9velopper une approche pragmatique de la transformation des organisations. De la conduite de projets complexes au d\u00e9veloppement commercial, en passant par la formation et le conseil, j&rsquo;ai forg\u00e9 une compr\u00e9hension fine des leviers de performance des entreprises.<\/p>\n\n\n\n<p>Dipl\u00f4m\u00e9 de l&rsquo;EM Normandie et fort d&rsquo;une exp\u00e9rience diversifi\u00e9e, j&rsquo;interviens aujourd&rsquo;hui sur diff\u00e9rentes probl\u00e9matiques, <br>\u00e0 la crois\u00e9e des questions business, marketing, ventes et organisationnelles.<br><\/p>\n<\/div>\n\n\n\n<div data-aos= \"zoom-in\" data-aos-duration=\"400\" data-aos-delay=\"0\" data-aos-easing=\"ease\" data-aos-once=\"true\" class=\"wp-block-uagb-container uagb-block-atijaza3 alignwide uagb-is-root-container\">\n<div class=\"wp-block-uagb-container uagb-block-fkptrars\">\n<div class=\"wp-block-uagb-info-box uagb-block-t4gl2xmb uagb-infobox__content-wrap  uagb-infobox-icon-above-title uagb-infobox-image-valign-top\"><div class=\"uagb-ifb-content\"><div class=\"uagb-ifb-title-wrap\"><h1 class=\"uagb-ifb-title\">D\u00e9couvrez mes services<\/h1><\/div><\/div><\/div>\n\n\n\n<div class=\"wp-block-uagb-container uagb-block-xcup7nbw\">\n<div class=\"wp-block-uagb-info-box uagb-block-uiduovkk uagb-infobox__content-wrap  uagb-infobox-icon-above-title uagb-infobox-image-valign-top\"><div class=\"uagb-ifb-content\"><div class=\"uagb-ifb-title-wrap\"><\/div><p class=\"uagb-ifb-desc\">M\u00eame les petites structures ont droit \u00e0 un accompagnement de qualit\u00e9.<\/p><\/div><\/div>\n\n\n\n<div class=\"wp-block-uagb-buttons uagb-buttons__outer-wrap uagb-btn__default-btn uagb-btn-tablet__default-btn uagb-btn-mobile__default-btn uagb-block-6yecymgf\"><div class=\"uagb-buttons__wrap uagb-buttons-layout-wrap \">\n<div class=\"wp-block-uagb-buttons-child uagb-buttons__outer-wrap uagb-block-836241dc wp-block-button\"><div class=\"uagb-button__wrapper\"><a class=\"uagb-buttons-repeater wp-block-button__link\" aria-label=\"\" href=\"https:\/\/www.gameon-consulting.fr\/index.php\/services\/\" rel=\"follow noopener\" target=\"_self\" role=\"button\"><div class=\"uagb-button__link\">D\u00e9couvrir<\/div><\/a><\/div><\/div>\n<\/div><\/div>\n<\/div>\n<\/div>\n\n\n\n<div class=\"wp-block-uagb-container uagb-block-m0oegike alignfull uagb-is-root-container\"><\/div>\n<\/div>\n","protected":false},"excerpt":{"rendered":"<p>\u00c0 propos Qui suis-je ? Apr\u00e8s 20+ ans d\u2019exp\u00e9rience en entreprise (start-up, PME, ETI, grands groupes), j\u2019ai constat\u00e9 une chose [&hellip;]<\/p>\n","protected":false},"author":1,"featured_media":0,"parent":0,"menu_order":0,"comment_status":"closed","ping_status":"closed","template":"","meta":{"_uag_custom_page_level_css":"","site-sidebar-layout":"default","site-content-layout":"","ast-site-content-layout":"","site-content-style":"default","site-sidebar-style":"default","ast-global-header-display":"","ast-banner-title-visibility":"","ast-main-header-display":"","ast-hfb-above-header-display":"","ast-hfb-below-header-display":"","ast-hfb-mobile-header-display":"","site-post-title":"disabled","ast-breadcrumbs-content":"","ast-featured-img":"","footer-sml-layout":"","theme-transparent-header-meta":"","adv-header-id-meta":"","stick-header-meta":"","header-above-stick-meta":"","header-main-stick-meta":"","header-below-stick-meta":"","astra-migrate-meta-layouts":"default","ast-page-background-enabled":"default","ast-page-background-meta":{"desktop":{"background-color":"var(--ast-global-color-5)","background-image":"","background-repeat":"repeat","background-position":"center center","background-size":"auto","background-attachment":"scroll","background-type":"","background-media":"","overlay-type":"","overlay-color":"","overlay-opacity":"","overlay-gradient":""},"tablet":{"background-color":"","background-image":"","background-repeat":"repeat","background-position":"center center","background-size":"auto","background-attachment":"scroll","background-type":"","background-media":"","overlay-type":"","overlay-color":"","overlay-opacity":"","overlay-gradient":""},"mobile":{"background-color":"","background-image":"","background-repeat":"repeat","background-position":"center center","background-size":"auto","background-attachment":"scroll","background-type":"","background-media":"","overlay-type":"","overlay-color":"","overlay-opacity":"","overlay-gradient":""}},"ast-content-background-meta":{"desktop":{"background-color":"var(--ast-global-color-4)","background-image":"","background-repeat":"repeat","background-position":"center center","background-size":"auto","background-attachment":"scroll","background-type":"","background-media":"","overlay-type":"","overlay-color":"","overlay-opacity":"","overlay-gradient":""},"tablet":{"background-color":"var(--ast-global-color-4)","background-image":"","background-repeat":"repeat","background-position":"center center","background-size":"auto","background-attachment":"scroll","background-type":"","background-media":"","overlay-type":"","overlay-color":"","overlay-opacity":"","overlay-gradient":""},"mobile":{"background-color":"var(--ast-global-color-4)","background-image":"","background-repeat":"repeat","background-position":"center center","background-size":"auto","background-attachment":"scroll","background-type":"","background-media":"","overlay-type":"","overlay-color":"","overlay-opacity":"","overlay-gradient":""}},"footnotes":""},"class_list":["post-107","page","type-page","status-publish","hentry"],"yoast_head":"<!-- This site is optimized with the Yoast SEO plugin v24.9 - https:\/\/yoast.com\/wordpress\/plugins\/seo\/ -->\n<title>\u00c0 propos - GAME ON<\/title>\n<meta name=\"robots\" content=\"index, follow, max-snippet:-1, max-image-preview:large, max-video-preview:-1\" \/>\n<link rel=\"canonical\" href=\"https:\/\/www.gameon-consulting.fr\/index.php\/a-propos\/\" \/>\n<meta property=\"og:locale\" content=\"fr_FR\" \/>\n<meta property=\"og:type\" content=\"article\" \/>\n<meta property=\"og:title\" content=\"\u00c0 propos - GAME ON\" \/>\n<meta property=\"og:description\" content=\"\u00c0 propos Qui suis-je ? Apr\u00e8s 20+ ans d\u2019exp\u00e9rience en entreprise (start-up, PME, ETI, grands groupes), j\u2019ai constat\u00e9 une chose [&hellip;]\" \/>\n<meta property=\"og:url\" content=\"https:\/\/www.gameon-consulting.fr\/index.php\/a-propos\/\" \/>\n<meta property=\"og:site_name\" content=\"GAME ON\" \/>\n<meta property=\"article:modified_time\" content=\"2026-02-26T10:29:10+00:00\" \/>\n<meta property=\"og:image\" content=\"https:\/\/www.gameon-consulting.fr\/wp-content\/uploads\/2026\/02\/Design-sans-titre-1-150x150.png\" \/>\n<meta name=\"twitter:card\" content=\"summary_large_image\" \/>\n<meta name=\"twitter:label1\" content=\"Dur\u00e9e de lecture estim\u00e9e\" \/>\n\t<meta name=\"twitter:data1\" content=\"2 minutes\" \/>\n<script type=\"application\/ld+json\" class=\"yoast-schema-graph\">{\"@context\":\"https:\/\/schema.org\",\"@graph\":[{\"@type\":\"WebPage\",\"@id\":\"https:\/\/www.gameon-consulting.fr\/index.php\/a-propos\/\",\"url\":\"https:\/\/www.gameon-consulting.fr\/index.php\/a-propos\/\",\"name\":\"\u00c0 propos - GAME ON\",\"isPartOf\":{\"@id\":\"https:\/\/www.gameon-consulting.fr\/#website\"},\"primaryImageOfPage\":{\"@id\":\"https:\/\/www.gameon-consulting.fr\/index.php\/a-propos\/#primaryimage\"},\"image\":{\"@id\":\"https:\/\/www.gameon-consulting.fr\/index.php\/a-propos\/#primaryimage\"},\"thumbnailUrl\":\"https:\/\/www.gameon-consulting.fr\/wp-content\/uploads\/2026\/02\/Design-sans-titre-1-150x150.png\",\"datePublished\":\"2025-04-22T13:49:22+00:00\",\"dateModified\":\"2026-02-26T10:29:10+00:00\",\"breadcrumb\":{\"@id\":\"https:\/\/www.gameon-consulting.fr\/index.php\/a-propos\/#breadcrumb\"},\"inLanguage\":\"fr-FR\",\"potentialAction\":[{\"@type\":\"ReadAction\",\"target\":[\"https:\/\/www.gameon-consulting.fr\/index.php\/a-propos\/\"]}]},{\"@type\":\"ImageObject\",\"inLanguage\":\"fr-FR\",\"@id\":\"https:\/\/www.gameon-consulting.fr\/index.php\/a-propos\/#primaryimage\",\"url\":\"https:\/\/www.gameon-consulting.fr\/wp-content\/uploads\/2026\/02\/Design-sans-titre-1.png\",\"contentUrl\":\"https:\/\/www.gameon-consulting.fr\/wp-content\/uploads\/2026\/02\/Design-sans-titre-1.png\",\"width\":378,\"height\":378},{\"@type\":\"BreadcrumbList\",\"@id\":\"https:\/\/www.gameon-consulting.fr\/index.php\/a-propos\/#breadcrumb\",\"itemListElement\":[{\"@type\":\"ListItem\",\"position\":1,\"name\":\"Accueil\",\"item\":\"https:\/\/www.gameon-consulting.fr\/\"},{\"@type\":\"ListItem\",\"position\":2,\"name\":\"\u00c0 propos\"}]},{\"@type\":\"WebSite\",\"@id\":\"https:\/\/www.gameon-consulting.fr\/#website\",\"url\":\"https:\/\/www.gameon-consulting.fr\/\",\"name\":\"GAME ON\",\"description\":\"L\u00e0 o\u00f9 tout commence\",\"publisher\":{\"@id\":\"https:\/\/www.gameon-consulting.fr\/#organization\"},\"potentialAction\":[{\"@type\":\"SearchAction\",\"target\":{\"@type\":\"EntryPoint\",\"urlTemplate\":\"https:\/\/www.gameon-consulting.fr\/?s={search_term_string}\"},\"query-input\":{\"@type\":\"PropertyValueSpecification\",\"valueRequired\":true,\"valueName\":\"search_term_string\"}}],\"inLanguage\":\"fr-FR\"},{\"@type\":\"Organization\",\"@id\":\"https:\/\/www.gameon-consulting.fr\/#organization\",\"name\":\"GAME ON\",\"url\":\"https:\/\/www.gameon-consulting.fr\/\",\"logo\":{\"@type\":\"ImageObject\",\"inLanguage\":\"fr-FR\",\"@id\":\"https:\/\/www.gameon-consulting.fr\/#\/schema\/logo\/image\/\",\"url\":\"https:\/\/www.gameon-consulting.fr\/wp-content\/uploads\/2025\/09\/GAME-ON-2025-Miniature-modified.png\",\"contentUrl\":\"https:\/\/www.gameon-consulting.fr\/wp-content\/uploads\/2025\/09\/GAME-ON-2025-Miniature-modified.png\",\"width\":250,\"height\":250,\"caption\":\"GAME ON\"},\"image\":{\"@id\":\"https:\/\/www.gameon-consulting.fr\/#\/schema\/logo\/image\/\"}}]}<\/script>\n<!-- \/ Yoast SEO plugin. -->","yoast_head_json":{"title":"\u00c0 propos - GAME ON","robots":{"index":"index","follow":"follow","max-snippet":"max-snippet:-1","max-image-preview":"max-image-preview:large","max-video-preview":"max-video-preview:-1"},"canonical":"https:\/\/www.gameon-consulting.fr\/index.php\/a-propos\/","og_locale":"fr_FR","og_type":"article","og_title":"\u00c0 propos - GAME ON","og_description":"\u00c0 propos Qui suis-je ? Apr\u00e8s 20+ ans d\u2019exp\u00e9rience en entreprise (start-up, PME, ETI, grands groupes), j\u2019ai constat\u00e9 une chose [&hellip;]","og_url":"https:\/\/www.gameon-consulting.fr\/index.php\/a-propos\/","og_site_name":"GAME ON","article_modified_time":"2026-02-26T10:29:10+00:00","og_image":[{"url":"https:\/\/www.gameon-consulting.fr\/wp-content\/uploads\/2026\/02\/Design-sans-titre-1-150x150.png","type":"","width":"","height":""}],"twitter_card":"summary_large_image","twitter_misc":{"Dur\u00e9e de lecture estim\u00e9e":"2 minutes"},"schema":{"@context":"https:\/\/schema.org","@graph":[{"@type":"WebPage","@id":"https:\/\/www.gameon-consulting.fr\/index.php\/a-propos\/","url":"https:\/\/www.gameon-consulting.fr\/index.php\/a-propos\/","name":"\u00c0 propos - GAME ON","isPartOf":{"@id":"https:\/\/www.gameon-consulting.fr\/#website"},"primaryImageOfPage":{"@id":"https:\/\/www.gameon-consulting.fr\/index.php\/a-propos\/#primaryimage"},"image":{"@id":"https:\/\/www.gameon-consulting.fr\/index.php\/a-propos\/#primaryimage"},"thumbnailUrl":"https:\/\/www.gameon-consulting.fr\/wp-content\/uploads\/2026\/02\/Design-sans-titre-1-150x150.png","datePublished":"2025-04-22T13:49:22+00:00","dateModified":"2026-02-26T10:29:10+00:00","breadcrumb":{"@id":"https:\/\/www.gameon-consulting.fr\/index.php\/a-propos\/#breadcrumb"},"inLanguage":"fr-FR","potentialAction":[{"@type":"ReadAction","target":["https:\/\/www.gameon-consulting.fr\/index.php\/a-propos\/"]}]},{"@type":"ImageObject","inLanguage":"fr-FR","@id":"https:\/\/www.gameon-consulting.fr\/index.php\/a-propos\/#primaryimage","url":"https:\/\/www.gameon-consulting.fr\/wp-content\/uploads\/2026\/02\/Design-sans-titre-1.png","contentUrl":"https:\/\/www.gameon-consulting.fr\/wp-content\/uploads\/2026\/02\/Design-sans-titre-1.png","width":378,"height":378},{"@type":"BreadcrumbList","@id":"https:\/\/www.gameon-consulting.fr\/index.php\/a-propos\/#breadcrumb","itemListElement":[{"@type":"ListItem","position":1,"name":"Accueil","item":"https:\/\/www.gameon-consulting.fr\/"},{"@type":"ListItem","position":2,"name":"\u00c0 propos"}]},{"@type":"WebSite","@id":"https:\/\/www.gameon-consulting.fr\/#website","url":"https:\/\/www.gameon-consulting.fr\/","name":"GAME ON","description":"L\u00e0 o\u00f9 tout commence","publisher":{"@id":"https:\/\/www.gameon-consulting.fr\/#organization"},"potentialAction":[{"@type":"SearchAction","target":{"@type":"EntryPoint","urlTemplate":"https:\/\/www.gameon-consulting.fr\/?s={search_term_string}"},"query-input":{"@type":"PropertyValueSpecification","valueRequired":true,"valueName":"search_term_string"}}],"inLanguage":"fr-FR"},{"@type":"Organization","@id":"https:\/\/www.gameon-consulting.fr\/#organization","name":"GAME ON","url":"https:\/\/www.gameon-consulting.fr\/","logo":{"@type":"ImageObject","inLanguage":"fr-FR","@id":"https:\/\/www.gameon-consulting.fr\/#\/schema\/logo\/image\/","url":"https:\/\/www.gameon-consulting.fr\/wp-content\/uploads\/2025\/09\/GAME-ON-2025-Miniature-modified.png","contentUrl":"https:\/\/www.gameon-consulting.fr\/wp-content\/uploads\/2025\/09\/GAME-ON-2025-Miniature-modified.png","width":250,"height":250,"caption":"GAME ON"},"image":{"@id":"https:\/\/www.gameon-consulting.fr\/#\/schema\/logo\/image\/"}}]}},"uagb_featured_image_src":{"full":false,"thumbnail":false,"medium":false,"medium_large":false,"large":false,"1536x1536":false,"2048x2048":false},"uagb_author_info":{"display_name":"Bruno Roy","author_link":"https:\/\/www.gameon-consulting.fr\/index.php\/author\/admin5859\/"},"uagb_comment_info":0,"uagb_excerpt":"\u00c0 propos Qui suis-je ? Apr\u00e8s 20+ ans d\u2019exp\u00e9rience en entreprise (start-up, PME, ETI, grands groupes), j\u2019ai constat\u00e9 une chose [&hellip;]","_links":{"self":[{"href":"https:\/\/www.gameon-consulting.fr\/index.php\/wp-json\/wp\/v2\/pages\/107","targetHints":{"allow":["GET"]}}],"collection":[{"href":"https:\/\/www.gameon-consulting.fr\/index.php\/wp-json\/wp\/v2\/pages"}],"about":[{"href":"https:\/\/www.gameon-consulting.fr\/index.php\/wp-json\/wp\/v2\/types\/page"}],"author":[{"embeddable":true,"href":"https:\/\/www.gameon-consulting.fr\/index.php\/wp-json\/wp\/v2\/users\/1"}],"replies":[{"embeddable":true,"href":"https:\/\/www.gameon-consulting.fr\/index.php\/wp-json\/wp\/v2\/comments?post=107"}],"version-history":[{"count":26,"href":"https:\/\/www.gameon-consulting.fr\/index.php\/wp-json\/wp\/v2\/pages\/107\/revisions"}],"predecessor-version":[{"id":416,"href":"https:\/\/www.gameon-consulting.fr\/index.php\/wp-json\/wp\/v2\/pages\/107\/revisions\/416"}],"wp:attachment":[{"href":"https:\/\/www.gameon-consulting.fr\/index.php\/wp-json\/wp\/v2\/media?parent=107"}],"curies":[{"name":"wp","href":"https:\/\/api.w.org\/{rel}","templated":true}]}}