{"id":56,"date":"2025-04-21T22:53:56","date_gmt":"2025-04-21T20:53:56","guid":{"rendered":"https:\/\/www.gameon-consulting.fr\/?page_id=56"},"modified":"2025-04-21T22:59:21","modified_gmt":"2025-04-21T20:59:21","slug":"politique-de-gestion-des-cookies","status":"publish","type":"page","link":"https:\/\/www.gameon-consulting.fr\/index.php\/politique-de-gestion-des-cookies\/","title":{"rendered":"Gestion des cookies"},"content":{"rendered":"\n<p>Lors de votre premi\u00e8re visite sur notre site, un bandeau vous informe de l\u2019utilisation de cookies. Vous avez alors la possibilit\u00e9 d\u2019accepter ou de refuser tout ou partie des cookies utilis\u00e9s, en toute transparence, gr\u00e2ce au plugin de gestion du consentement <strong>Complianz<\/strong>.<\/p>\n\n\n\n<p>Un cookie est un petit fichier texte d\u00e9pos\u00e9 sur votre appareil lorsque vous visitez notre site. Il permet de stocker temporairement des informations sur votre navigation, dans le but de vous proposer une exp\u00e9rience de visite personnalis\u00e9e et optimis\u00e9e.<\/p>\n\n\n\n<p>Notre site utilise diff\u00e9rents types de cookies. Les cookies strictement n\u00e9cessaires permettent le bon fonctionnement du site, comme ceux li\u00e9s \u00e0 la gestion de vos pr\u00e9f\u00e9rences de consentement. Nous utilisons \u00e9galement des cookies de mesure d\u2019audience via Burst Statistics (localement, sans transfert de donn\u00e9es \u00e0 des tiers) et prochainement via Google Analytics, avec anonymisation des adresses IP pour prot\u00e9ger votre vie priv\u00e9e. En ce qui concerne les r\u00e9seaux sociaux, notre site int\u00e8gre des boutons redirigeant vers nos pages professionnelles (LinkedIn, Facebook, etc.) mais ne d\u00e9pose aucun cookie de suivi sans action de votre part. Nous pourrions \u00e9galement proposer prochainement des boutons de partage d\u2019articles, activ\u00e9s uniquement si vous y consentez.<\/p>\n\n\n\n<p>Aucun cookie publicitaire n\u2019est actuellement install\u00e9 sur notre site. Si nous d\u00e9cidons de recourir \u00e0 des solutions telles que Facebook Ads \u00e0 l\u2019avenir, un nouveau consentement vous sera demand\u00e9 lors de votre prochaine visite.<\/p>\n\n\n\n<p>Vous pouvez modifier \u00e0 tout moment vos pr\u00e9f\u00e9rences en mati\u00e8re de cookies en cliquant sur le lien \u00ab G\u00e9rer les cookies \u00bb pr\u00e9sent en bas de page. La dur\u00e9e maximale de conservation des cookies est de 13 mois, conform\u00e9ment \u00e0 la l\u00e9gislation en vigueur.<\/p>\n\n\n\n<p><\/p>\n","protected":false},"excerpt":{"rendered":"<p>Lors de votre premi\u00e8re visite sur notre site, un bandeau vous informe de l\u2019utilisation de cookies. Vous avez alors la [&hellip;]<\/p>\n","protected":false},"author":1,"featured_media":0,"parent":0,"menu_order":0,"comment_status":"closed","ping_status":"closed","template":"","meta":{"_uag_custom_page_level_css":"","site-sidebar-layout":"default","site-content-layout":"","ast-site-content-layout":"","site-content-style":"default","site-sidebar-style":"default","ast-global-header-display":"","ast-banner-title-visibility":"","ast-main-header-display":"","ast-hfb-above-header-display":"","ast-hfb-below-header-display":"","ast-hfb-mobile-header-display":"","site-post-title":"","ast-breadcrumbs-content":"","ast-featured-img":"","footer-sml-layout":"","theme-transparent-header-meta":"","adv-header-id-meta":"","stick-header-meta":"","header-above-stick-meta":"","header-main-stick-meta":"","header-below-stick-meta":"","astra-migrate-meta-layouts":"default","ast-page-background-enabled":"default","ast-page-background-meta":{"desktop":{"background-color":"var(--ast-global-color-5)","background-image":"","background-repeat":"repeat","background-position":"center center","background-size":"auto","background-attachment":"scroll","background-type":"","background-media":"","overlay-type":"","overlay-color":"","overlay-opacity":"","overlay-gradient":""},"tablet":{"background-color":"","background-image":"","background-repeat":"repeat","background-position":"center center","background-size":"auto","background-attachment":"scroll","background-type":"","background-media":"","overlay-type":"","overlay-color":"","overlay-opacity":"","overlay-gradient":""},"mobile":{"background-color":"","background-image":"","background-repeat":"repeat","background-position":"center center","background-size":"auto","background-attachment":"scroll","background-type":"","background-media":"","overlay-type":"","overlay-color":"","overlay-opacity":"","overlay-gradient":""}},"ast-content-background-meta":{"desktop":{"background-color":"var(--ast-global-color-4)","background-image":"","background-repeat":"repeat","background-position":"center center","background-size":"auto","background-attachment":"scroll","background-type":"","background-media":"","overlay-type":"","overlay-color":"","overlay-opacity":"","overlay-gradient":""},"tablet":{"background-color":"var(--ast-global-color-4)","background-image":"","background-repeat":"repeat","background-position":"center center","background-size":"auto","background-attachment":"scroll","background-type":"","background-media":"","overlay-type":"","overlay-color":"","overlay-opacity":"","overlay-gradient":""},"mobile":{"background-color":"var(--ast-global-color-4)","background-image":"","background-repeat":"repeat","background-position":"center center","background-size":"auto","background-attachment":"scroll","background-type":"","background-media":"","overlay-type":"","overlay-color":"","overlay-opacity":"","overlay-gradient":""}},"footnotes":""},"class_list":["post-56","page","type-page","status-publish","hentry"],"yoast_head":"<!-- This site is optimized with the Yoast SEO plugin v24.9 - https:\/\/yoast.com\/wordpress\/plugins\/seo\/ -->\n<title>Gestion des cookies - GAME ON<\/title>\n<meta name=\"robots\" content=\"index, follow, max-snippet:-1, max-image-preview:large, max-video-preview:-1\" \/>\n<link rel=\"canonical\" href=\"https:\/\/www.gameon-consulting.fr\/index.php\/politique-de-gestion-des-cookies\/\" \/>\n<meta property=\"og:locale\" content=\"fr_FR\" \/>\n<meta property=\"og:type\" content=\"article\" \/>\n<meta property=\"og:title\" content=\"Gestion des cookies - GAME ON\" \/>\n<meta property=\"og:description\" content=\"Lors de votre premi\u00e8re visite sur notre site, un bandeau vous informe de l\u2019utilisation de cookies. Vous avez alors la [&hellip;]\" \/>\n<meta property=\"og:url\" content=\"https:\/\/www.gameon-consulting.fr\/index.php\/politique-de-gestion-des-cookies\/\" \/>\n<meta property=\"og:site_name\" content=\"GAME ON\" \/>\n<meta property=\"article:modified_time\" content=\"2025-04-21T20:59:21+00:00\" \/>\n<meta name=\"twitter:card\" content=\"summary_large_image\" \/>\n<meta name=\"twitter:label1\" content=\"Dur\u00e9e de lecture estim\u00e9e\" \/>\n\t<meta name=\"twitter:data1\" content=\"2 minutes\" \/>\n<script type=\"application\/ld+json\" class=\"yoast-schema-graph\">{\"@context\":\"https:\/\/schema.org\",\"@graph\":[{\"@type\":\"WebPage\",\"@id\":\"https:\/\/www.gameon-consulting.fr\/index.php\/politique-de-gestion-des-cookies\/\",\"url\":\"https:\/\/www.gameon-consulting.fr\/index.php\/politique-de-gestion-des-cookies\/\",\"name\":\"Gestion des cookies - GAME ON\",\"isPartOf\":{\"@id\":\"https:\/\/www.gameon-consulting.fr\/#website\"},\"datePublished\":\"2025-04-21T20:53:56+00:00\",\"dateModified\":\"2025-04-21T20:59:21+00:00\",\"breadcrumb\":{\"@id\":\"https:\/\/www.gameon-consulting.fr\/index.php\/politique-de-gestion-des-cookies\/#breadcrumb\"},\"inLanguage\":\"fr-FR\",\"potentialAction\":[{\"@type\":\"ReadAction\",\"target\":[\"https:\/\/www.gameon-consulting.fr\/index.php\/politique-de-gestion-des-cookies\/\"]}]},{\"@type\":\"BreadcrumbList\",\"@id\":\"https:\/\/www.gameon-consulting.fr\/index.php\/politique-de-gestion-des-cookies\/#breadcrumb\",\"itemListElement\":[{\"@type\":\"ListItem\",\"position\":1,\"name\":\"Accueil\",\"item\":\"https:\/\/www.gameon-consulting.fr\/\"},{\"@type\":\"ListItem\",\"position\":2,\"name\":\"Gestion des cookies\"}]},{\"@type\":\"WebSite\",\"@id\":\"https:\/\/www.gameon-consulting.fr\/#website\",\"url\":\"https:\/\/www.gameon-consulting.fr\/\",\"name\":\"GAME ON\",\"description\":\"L\u00e0 o\u00f9 tout commence\",\"publisher\":{\"@id\":\"https:\/\/www.gameon-consulting.fr\/#organization\"},\"potentialAction\":[{\"@type\":\"SearchAction\",\"target\":{\"@type\":\"EntryPoint\",\"urlTemplate\":\"https:\/\/www.gameon-consulting.fr\/?s={search_term_string}\"},\"query-input\":{\"@type\":\"PropertyValueSpecification\",\"valueRequired\":true,\"valueName\":\"search_term_string\"}}],\"inLanguage\":\"fr-FR\"},{\"@type\":\"Organization\",\"@id\":\"https:\/\/www.gameon-consulting.fr\/#organization\",\"name\":\"GAME ON\",\"url\":\"https:\/\/www.gameon-consulting.fr\/\",\"logo\":{\"@type\":\"ImageObject\",\"inLanguage\":\"fr-FR\",\"@id\":\"https:\/\/www.gameon-consulting.fr\/#\/schema\/logo\/image\/\",\"url\":\"https:\/\/www.gameon-consulting.fr\/wp-content\/uploads\/2025\/09\/GAME-ON-2025-Miniature-modified.png\",\"contentUrl\":\"https:\/\/www.gameon-consulting.fr\/wp-content\/uploads\/2025\/09\/GAME-ON-2025-Miniature-modified.png\",\"width\":250,\"height\":250,\"caption\":\"GAME ON\"},\"image\":{\"@id\":\"https:\/\/www.gameon-consulting.fr\/#\/schema\/logo\/image\/\"}}]}<\/script>\n<!-- \/ Yoast SEO plugin. -->","yoast_head_json":{"title":"Gestion des cookies - GAME ON","robots":{"index":"index","follow":"follow","max-snippet":"max-snippet:-1","max-image-preview":"max-image-preview:large","max-video-preview":"max-video-preview:-1"},"canonical":"https:\/\/www.gameon-consulting.fr\/index.php\/politique-de-gestion-des-cookies\/","og_locale":"fr_FR","og_type":"article","og_title":"Gestion des cookies - GAME ON","og_description":"Lors de votre premi\u00e8re visite sur notre site, un bandeau vous informe de l\u2019utilisation de cookies. Vous avez alors la [&hellip;]","og_url":"https:\/\/www.gameon-consulting.fr\/index.php\/politique-de-gestion-des-cookies\/","og_site_name":"GAME ON","article_modified_time":"2025-04-21T20:59:21+00:00","twitter_card":"summary_large_image","twitter_misc":{"Dur\u00e9e de lecture estim\u00e9e":"2 minutes"},"schema":{"@context":"https:\/\/schema.org","@graph":[{"@type":"WebPage","@id":"https:\/\/www.gameon-consulting.fr\/index.php\/politique-de-gestion-des-cookies\/","url":"https:\/\/www.gameon-consulting.fr\/index.php\/politique-de-gestion-des-cookies\/","name":"Gestion des cookies - GAME ON","isPartOf":{"@id":"https:\/\/www.gameon-consulting.fr\/#website"},"datePublished":"2025-04-21T20:53:56+00:00","dateModified":"2025-04-21T20:59:21+00:00","breadcrumb":{"@id":"https:\/\/www.gameon-consulting.fr\/index.php\/politique-de-gestion-des-cookies\/#breadcrumb"},"inLanguage":"fr-FR","potentialAction":[{"@type":"ReadAction","target":["https:\/\/www.gameon-consulting.fr\/index.php\/politique-de-gestion-des-cookies\/"]}]},{"@type":"BreadcrumbList","@id":"https:\/\/www.gameon-consulting.fr\/index.php\/politique-de-gestion-des-cookies\/#breadcrumb","itemListElement":[{"@type":"ListItem","position":1,"name":"Accueil","item":"https:\/\/www.gameon-consulting.fr\/"},{"@type":"ListItem","position":2,"name":"Gestion des cookies"}]},{"@type":"WebSite","@id":"https:\/\/www.gameon-consulting.fr\/#website","url":"https:\/\/www.gameon-consulting.fr\/","name":"GAME ON","description":"L\u00e0 o\u00f9 tout commence","publisher":{"@id":"https:\/\/www.gameon-consulting.fr\/#organization"},"potentialAction":[{"@type":"SearchAction","target":{"@type":"EntryPoint","urlTemplate":"https:\/\/www.gameon-consulting.fr\/?s={search_term_string}"},"query-input":{"@type":"PropertyValueSpecification","valueRequired":true,"valueName":"search_term_string"}}],"inLanguage":"fr-FR"},{"@type":"Organization","@id":"https:\/\/www.gameon-consulting.fr\/#organization","name":"GAME ON","url":"https:\/\/www.gameon-consulting.fr\/","logo":{"@type":"ImageObject","inLanguage":"fr-FR","@id":"https:\/\/www.gameon-consulting.fr\/#\/schema\/logo\/image\/","url":"https:\/\/www.gameon-consulting.fr\/wp-content\/uploads\/2025\/09\/GAME-ON-2025-Miniature-modified.png","contentUrl":"https:\/\/www.gameon-consulting.fr\/wp-content\/uploads\/2025\/09\/GAME-ON-2025-Miniature-modified.png","width":250,"height":250,"caption":"GAME ON"},"image":{"@id":"https:\/\/www.gameon-consulting.fr\/#\/schema\/logo\/image\/"}}]}},"uagb_featured_image_src":{"full":false,"thumbnail":false,"medium":false,"medium_large":false,"large":false,"1536x1536":false,"2048x2048":false},"uagb_author_info":{"display_name":"Bruno Roy","author_link":"https:\/\/www.gameon-consulting.fr\/index.php\/author\/admin5859\/"},"uagb_comment_info":0,"uagb_excerpt":"Lors de votre premi\u00e8re visite sur notre site, un bandeau vous informe de l\u2019utilisation de cookies. Vous avez alors la [&hellip;]","_links":{"self":[{"href":"https:\/\/www.gameon-consulting.fr\/index.php\/wp-json\/wp\/v2\/pages\/56","targetHints":{"allow":["GET"]}}],"collection":[{"href":"https:\/\/www.gameon-consulting.fr\/index.php\/wp-json\/wp\/v2\/pages"}],"about":[{"href":"https:\/\/www.gameon-consulting.fr\/index.php\/wp-json\/wp\/v2\/types\/page"}],"author":[{"embeddable":true,"href":"https:\/\/www.gameon-consulting.fr\/index.php\/wp-json\/wp\/v2\/users\/1"}],"replies":[{"embeddable":true,"href":"https:\/\/www.gameon-consulting.fr\/index.php\/wp-json\/wp\/v2\/comments?post=56"}],"version-history":[{"count":2,"href":"https:\/\/www.gameon-consulting.fr\/index.php\/wp-json\/wp\/v2\/pages\/56\/revisions"}],"predecessor-version":[{"id":61,"href":"https:\/\/www.gameon-consulting.fr\/index.php\/wp-json\/wp\/v2\/pages\/56\/revisions\/61"}],"wp:attachment":[{"href":"https:\/\/www.gameon-consulting.fr\/index.php\/wp-json\/wp\/v2\/media?parent=56"}],"curies":[{"name":"wp","href":"https:\/\/api.w.org\/{rel}","templated":true}]}}