{"id":64,"date":"2025-04-22T11:36:54","date_gmt":"2025-04-22T09:36:54","guid":{"rendered":"https:\/\/www.gameon-consulting.fr\/?page_id=64"},"modified":"2026-02-26T10:53:45","modified_gmt":"2026-02-26T09:53:45","slug":"contact","status":"publish","type":"page","link":"https:\/\/www.gameon-consulting.fr\/index.php\/contact\/","title":{"rendered":"Contact"},"content":{"rendered":"\n<div data-aos= \"zoom-in\" data-aos-duration=\"400\" data-aos-delay=\"0\" data-aos-easing=\"ease\" data-aos-once=\"true\" class=\"wp-block-uagb-container uagb-layout-flex uagb-block-coytrhuk alignfull uagb-is-root-container\"><div class=\"uagb-container-inner-blocks-wrap\">\n<h2 class=\"wp-block-heading has-text-align-center has-white-color has-text-color has-link-color wp-elements-f91f5e0f942175e6f315e8dc702ae57b\">Contact<\/h2>\n<\/div><\/div>\n\n\n\n<div style=\"height:100px\" aria-hidden=\"true\" class=\"wp-block-spacer\"><\/div>\n\n\n\n<div data-aos= \"zoom-in\" data-aos-duration=\"400\" data-aos-delay=\"0\" data-aos-easing=\"ease\" data-aos-once=\"true\" class=\"wp-block-uagb-advanced-heading uagb-block-87fc6ca3\"><h4 class=\"uagb-heading-text\">Ready to play ? Prenez rendez-vous pour un premier \u00e9change !<\/h4><\/div>\n\n\n\n<div data-aos= \"zoom-in\" data-aos-duration=\"400\" data-aos-delay=\"0\" data-aos-easing=\"ease\" data-aos-once=\"true\" class=\"wp-block-uagb-forms uagb-forms__outer-wrap uagb-block-965d06ff uagb-forms__medium-btn\"><form class=\"uagb-forms-main-form\" method=\"post\" autocomplete=\"on\" name=\"uagb-form-965d06ff\">\n<div class=\"wp-block-uagb-forms-name uagb-forms-name-wrap uagb-forms-field-set uagb-block-494f189a\"><div class=\"uagb-forms-name-label required uagb-forms-input-label\" id=\"494f189a\">Pr\u00e9nom<\/div><input type=\"text\" placeholder=\"Saisissez votre pr\u00e9nom\" required class=\"uagb-forms-name-input uagb-forms-input\" name=\"494f189a\" autocomplete=\"given-name\"\/><\/div>\n\n\n\n<div class=\"wp-block-uagb-forms-name uagb-forms-name-wrap uagb-forms-field-set uagb-block-b77dc932\"><div class=\"uagb-forms-name-label required uagb-forms-input-label\" id=\"b77dc932\">Nom<\/div><input type=\"text\" placeholder=\"Saisissez votre nom de famille\" required class=\"uagb-forms-name-input uagb-forms-input\" name=\"b77dc932\" autocomplete=\"family-name\"\/><\/div>\n\n\n\n<div class=\"wp-block-uagb-forms-email uagb-forms-email-wrap uagb-forms-field-set uagb-block-efd6adbc\"><div class=\"uagb-forms-email-label required uagb-forms-input-label\" id=\"efd6adbc\">Email<\/div><input type=\"email\" class=\"uagb-forms-email-input uagb-forms-input\" placeholder=\"exemple@mail.com\" required name=\"efd6adbc\" autocomplete=\"email\"\/><\/div>\n\n\n\n<div class=\"wp-block-uagb-forms-textarea uagb-forms-textarea-wrap uagb-forms-field-set uagb-block-67d240b2\"><div class=\"uagb-forms-textarea-label required uagb-forms-input-label\" id=\"67d240b2\">Message<\/div><textarea required class=\"uagb-forms-textarea-input uagb-forms-input\" rows=\"4\" placeholder=\"Saisissez votre message\" name=\"67d240b2\" autocomplete=\"off\"><\/textarea><\/div>\n<div class=\"uagb-forms-form-hidden-data\"><input type=\"hidden\" class=\"uagb_forms_form_label\" value=\"Spectra Form\"\/><input type=\"hidden\" class=\"uagb_forms_form_id\" value=\"uagb-form-965d06ff\"\/><\/div><div class=\"uagb-form-reacaptcha-error-965d06ff\"><\/div><div class=\"uagb-forms-main-submit-button-wrap wp-block-button\"><button class=\"uagb-forms-main-submit-button wp-block-button__link\"><div class=\"uagb-forms-main-submit-button-text\">Envoyer<\/div><\/button><\/div><\/form><div class=\"uagb-forms-success-message-965d06ff uagb-forms-submit-message-hide\"><span>The form has been submitted successfully!<\/span><\/div><div class=\"uagb-forms-failed-message-965d06ff uagb-forms-submit-message-hide\"><span>There has been some error while submitting the form. Please verify all form fields again.<\/span><\/div><\/div>\n\n\n\n<p>*la r\u00e9ponse \u00e0 ces champs est obligatoire pour nous permettre de traiter votre demande d\u2019\u00e9tude personnalis\u00e9e<\/p>\n\n\n\n<p>En cliquant sur \u00ab\u00a0Envoyer\u00a0\u00bb, vous acceptez de vous conformer \u00e0 la <a href=\"https:\/\/www.gameon-consulting.fr\/index.php\/politique-de-confidentialite\/\">politique de confidentialit\u00e9<\/a>.<\/p>\n\n\n\n<div style=\"height:100px\" aria-hidden=\"true\" class=\"wp-block-spacer\"><\/div>\n\n\n\n<p><\/p>\n","protected":false},"excerpt":{"rendered":"<p>Contact Ready to play ? Prenez rendez-vous pour un premier \u00e9change ! *la r\u00e9ponse \u00e0 ces champs est obligatoire pour [&hellip;]<\/p>\n","protected":false},"author":1,"featured_media":0,"parent":0,"menu_order":0,"comment_status":"closed","ping_status":"closed","template":"","meta":{"_uag_custom_page_level_css":"","site-sidebar-layout":"default","site-content-layout":"","ast-site-content-layout":"","site-content-style":"default","site-sidebar-style":"default","ast-global-header-display":"","ast-banner-title-visibility":"","ast-main-header-display":"","ast-hfb-above-header-display":"","ast-hfb-below-header-display":"","ast-hfb-mobile-header-display":"","site-post-title":"disabled","ast-breadcrumbs-content":"","ast-featured-img":"","footer-sml-layout":"","theme-transparent-header-meta":"","adv-header-id-meta":"","stick-header-meta":"","header-above-stick-meta":"","header-main-stick-meta":"","header-below-stick-meta":"","astra-migrate-meta-layouts":"default","ast-page-background-enabled":"default","ast-page-background-meta":{"desktop":{"background-color":"var(--ast-global-color-5)","background-image":"","background-repeat":"repeat","background-position":"center center","background-size":"auto","background-attachment":"scroll","background-type":"","background-media":"","overlay-type":"","overlay-color":"","overlay-opacity":"","overlay-gradient":""},"tablet":{"background-color":"","background-image":"","background-repeat":"repeat","background-position":"center center","background-size":"auto","background-attachment":"scroll","background-type":"","background-media":"","overlay-type":"","overlay-color":"","overlay-opacity":"","overlay-gradient":""},"mobile":{"background-color":"","background-image":"","background-repeat":"repeat","background-position":"center center","background-size":"auto","background-attachment":"scroll","background-type":"","background-media":"","overlay-type":"","overlay-color":"","overlay-opacity":"","overlay-gradient":""}},"ast-content-background-meta":{"desktop":{"background-color":"var(--ast-global-color-4)","background-image":"","background-repeat":"repeat","background-position":"center center","background-size":"auto","background-attachment":"scroll","background-type":"","background-media":"","overlay-type":"","overlay-color":"","overlay-opacity":"","overlay-gradient":""},"tablet":{"background-color":"var(--ast-global-color-4)","background-image":"","background-repeat":"repeat","background-position":"center center","background-size":"auto","background-attachment":"scroll","background-type":"","background-media":"","overlay-type":"","overlay-color":"","overlay-opacity":"","overlay-gradient":""},"mobile":{"background-color":"var(--ast-global-color-4)","background-image":"","background-repeat":"repeat","background-position":"center center","background-size":"auto","background-attachment":"scroll","background-type":"","background-media":"","overlay-type":"","overlay-color":"","overlay-opacity":"","overlay-gradient":""}},"footnotes":""},"class_list":["post-64","page","type-page","status-publish","hentry"],"yoast_head":"<!-- This site is optimized with the Yoast SEO plugin v24.9 - https:\/\/yoast.com\/wordpress\/plugins\/seo\/ -->\n<title>Contact - GAME ON<\/title>\n<meta name=\"robots\" content=\"index, follow, max-snippet:-1, max-image-preview:large, max-video-preview:-1\" \/>\n<link rel=\"canonical\" href=\"https:\/\/www.gameon-consulting.fr\/index.php\/contact\/\" \/>\n<meta property=\"og:locale\" content=\"fr_FR\" \/>\n<meta property=\"og:type\" content=\"article\" \/>\n<meta property=\"og:title\" content=\"Contact - GAME ON\" \/>\n<meta property=\"og:description\" content=\"Contact Ready to play ? Prenez rendez-vous pour un premier \u00e9change ! *la r\u00e9ponse \u00e0 ces champs est obligatoire pour [&hellip;]\" \/>\n<meta property=\"og:url\" content=\"https:\/\/www.gameon-consulting.fr\/index.php\/contact\/\" \/>\n<meta property=\"og:site_name\" content=\"GAME ON\" \/>\n<meta property=\"article:modified_time\" content=\"2026-02-26T09:53:45+00:00\" \/>\n<meta name=\"twitter:card\" content=\"summary_large_image\" \/>\n<meta name=\"twitter:label1\" content=\"Dur\u00e9e de lecture estim\u00e9e\" \/>\n\t<meta name=\"twitter:data1\" content=\"1 minute\" \/>\n<script type=\"application\/ld+json\" class=\"yoast-schema-graph\">{\"@context\":\"https:\/\/schema.org\",\"@graph\":[{\"@type\":\"WebPage\",\"@id\":\"https:\/\/www.gameon-consulting.fr\/index.php\/contact\/\",\"url\":\"https:\/\/www.gameon-consulting.fr\/index.php\/contact\/\",\"name\":\"Contact - GAME ON\",\"isPartOf\":{\"@id\":\"https:\/\/www.gameon-consulting.fr\/#website\"},\"datePublished\":\"2025-04-22T09:36:54+00:00\",\"dateModified\":\"2026-02-26T09:53:45+00:00\",\"breadcrumb\":{\"@id\":\"https:\/\/www.gameon-consulting.fr\/index.php\/contact\/#breadcrumb\"},\"inLanguage\":\"fr-FR\",\"potentialAction\":[{\"@type\":\"ReadAction\",\"target\":[\"https:\/\/www.gameon-consulting.fr\/index.php\/contact\/\"]}]},{\"@type\":\"BreadcrumbList\",\"@id\":\"https:\/\/www.gameon-consulting.fr\/index.php\/contact\/#breadcrumb\",\"itemListElement\":[{\"@type\":\"ListItem\",\"position\":1,\"name\":\"Accueil\",\"item\":\"https:\/\/www.gameon-consulting.fr\/\"},{\"@type\":\"ListItem\",\"position\":2,\"name\":\"Contact\"}]},{\"@type\":\"WebSite\",\"@id\":\"https:\/\/www.gameon-consulting.fr\/#website\",\"url\":\"https:\/\/www.gameon-consulting.fr\/\",\"name\":\"GAME ON\",\"description\":\"L\u00e0 o\u00f9 tout commence\",\"publisher\":{\"@id\":\"https:\/\/www.gameon-consulting.fr\/#organization\"},\"potentialAction\":[{\"@type\":\"SearchAction\",\"target\":{\"@type\":\"EntryPoint\",\"urlTemplate\":\"https:\/\/www.gameon-consulting.fr\/?s={search_term_string}\"},\"query-input\":{\"@type\":\"PropertyValueSpecification\",\"valueRequired\":true,\"valueName\":\"search_term_string\"}}],\"inLanguage\":\"fr-FR\"},{\"@type\":\"Organization\",\"@id\":\"https:\/\/www.gameon-consulting.fr\/#organization\",\"name\":\"GAME ON\",\"url\":\"https:\/\/www.gameon-consulting.fr\/\",\"logo\":{\"@type\":\"ImageObject\",\"inLanguage\":\"fr-FR\",\"@id\":\"https:\/\/www.gameon-consulting.fr\/#\/schema\/logo\/image\/\",\"url\":\"https:\/\/www.gameon-consulting.fr\/wp-content\/uploads\/2025\/09\/GAME-ON-2025-Miniature-modified.png\",\"contentUrl\":\"https:\/\/www.gameon-consulting.fr\/wp-content\/uploads\/2025\/09\/GAME-ON-2025-Miniature-modified.png\",\"width\":250,\"height\":250,\"caption\":\"GAME ON\"},\"image\":{\"@id\":\"https:\/\/www.gameon-consulting.fr\/#\/schema\/logo\/image\/\"}}]}<\/script>\n<!-- \/ Yoast SEO plugin. -->","yoast_head_json":{"title":"Contact - GAME ON","robots":{"index":"index","follow":"follow","max-snippet":"max-snippet:-1","max-image-preview":"max-image-preview:large","max-video-preview":"max-video-preview:-1"},"canonical":"https:\/\/www.gameon-consulting.fr\/index.php\/contact\/","og_locale":"fr_FR","og_type":"article","og_title":"Contact - GAME ON","og_description":"Contact Ready to play ? Prenez rendez-vous pour un premier \u00e9change ! *la r\u00e9ponse \u00e0 ces champs est obligatoire pour [&hellip;]","og_url":"https:\/\/www.gameon-consulting.fr\/index.php\/contact\/","og_site_name":"GAME ON","article_modified_time":"2026-02-26T09:53:45+00:00","twitter_card":"summary_large_image","twitter_misc":{"Dur\u00e9e de lecture estim\u00e9e":"1 minute"},"schema":{"@context":"https:\/\/schema.org","@graph":[{"@type":"WebPage","@id":"https:\/\/www.gameon-consulting.fr\/index.php\/contact\/","url":"https:\/\/www.gameon-consulting.fr\/index.php\/contact\/","name":"Contact - GAME ON","isPartOf":{"@id":"https:\/\/www.gameon-consulting.fr\/#website"},"datePublished":"2025-04-22T09:36:54+00:00","dateModified":"2026-02-26T09:53:45+00:00","breadcrumb":{"@id":"https:\/\/www.gameon-consulting.fr\/index.php\/contact\/#breadcrumb"},"inLanguage":"fr-FR","potentialAction":[{"@type":"ReadAction","target":["https:\/\/www.gameon-consulting.fr\/index.php\/contact\/"]}]},{"@type":"BreadcrumbList","@id":"https:\/\/www.gameon-consulting.fr\/index.php\/contact\/#breadcrumb","itemListElement":[{"@type":"ListItem","position":1,"name":"Accueil","item":"https:\/\/www.gameon-consulting.fr\/"},{"@type":"ListItem","position":2,"name":"Contact"}]},{"@type":"WebSite","@id":"https:\/\/www.gameon-consulting.fr\/#website","url":"https:\/\/www.gameon-consulting.fr\/","name":"GAME ON","description":"L\u00e0 o\u00f9 tout commence","publisher":{"@id":"https:\/\/www.gameon-consulting.fr\/#organization"},"potentialAction":[{"@type":"SearchAction","target":{"@type":"EntryPoint","urlTemplate":"https:\/\/www.gameon-consulting.fr\/?s={search_term_string}"},"query-input":{"@type":"PropertyValueSpecification","valueRequired":true,"valueName":"search_term_string"}}],"inLanguage":"fr-FR"},{"@type":"Organization","@id":"https:\/\/www.gameon-consulting.fr\/#organization","name":"GAME ON","url":"https:\/\/www.gameon-consulting.fr\/","logo":{"@type":"ImageObject","inLanguage":"fr-FR","@id":"https:\/\/www.gameon-consulting.fr\/#\/schema\/logo\/image\/","url":"https:\/\/www.gameon-consulting.fr\/wp-content\/uploads\/2025\/09\/GAME-ON-2025-Miniature-modified.png","contentUrl":"https:\/\/www.gameon-consulting.fr\/wp-content\/uploads\/2025\/09\/GAME-ON-2025-Miniature-modified.png","width":250,"height":250,"caption":"GAME ON"},"image":{"@id":"https:\/\/www.gameon-consulting.fr\/#\/schema\/logo\/image\/"}}]}},"uagb_featured_image_src":{"full":false,"thumbnail":false,"medium":false,"medium_large":false,"large":false,"1536x1536":false,"2048x2048":false},"uagb_author_info":{"display_name":"Bruno Roy","author_link":"https:\/\/www.gameon-consulting.fr\/index.php\/author\/admin5859\/"},"uagb_comment_info":0,"uagb_excerpt":"Contact Ready to play ? Prenez rendez-vous pour un premier \u00e9change ! *la r\u00e9ponse \u00e0 ces champs est obligatoire pour [&hellip;]","_links":{"self":[{"href":"https:\/\/www.gameon-consulting.fr\/index.php\/wp-json\/wp\/v2\/pages\/64","targetHints":{"allow":["GET"]}}],"collection":[{"href":"https:\/\/www.gameon-consulting.fr\/index.php\/wp-json\/wp\/v2\/pages"}],"about":[{"href":"https:\/\/www.gameon-consulting.fr\/index.php\/wp-json\/wp\/v2\/types\/page"}],"author":[{"embeddable":true,"href":"https:\/\/www.gameon-consulting.fr\/index.php\/wp-json\/wp\/v2\/users\/1"}],"replies":[{"embeddable":true,"href":"https:\/\/www.gameon-consulting.fr\/index.php\/wp-json\/wp\/v2\/comments?post=64"}],"version-history":[{"count":14,"href":"https:\/\/www.gameon-consulting.fr\/index.php\/wp-json\/wp\/v2\/pages\/64\/revisions"}],"predecessor-version":[{"id":411,"href":"https:\/\/www.gameon-consulting.fr\/index.php\/wp-json\/wp\/v2\/pages\/64\/revisions\/411"}],"wp:attachment":[{"href":"https:\/\/www.gameon-consulting.fr\/index.php\/wp-json\/wp\/v2\/media?parent=64"}],"curies":[{"name":"wp","href":"https:\/\/api.w.org\/{rel}","templated":true}]}}